{"id":46141,"date":"2024-10-08T00:08:07","date_gmt":"2024-10-07T21:08:07","guid":{"rendered":"https:\/\/zeynep.anka.works\/magaza\/?post_type=product&#038;p=46141"},"modified":"2024-10-08T00:08:07","modified_gmt":"2024-10-07T21:08:07","slug":"anadoludan-saraylara-guzellik-sirlari","status":"publish","type":"product","link":"https:\/\/zeynepcelebioglu.com\/magaza\/urun\/anadoludan-saraylara-guzellik-sirlari\/","title":{"rendered":"Anadolu&#8217;dan Saraylara G\u00fczellik S\u0131rlar\u0131"},"content":{"rendered":"<p>R\u00fcyalar\u0131n dokusuyla do\u011fan\u0131n zarafeti birbirine \u00f6r\u00fclerek, insan\u0131n ruhu ve do\u011fan\u0131n ihti\u015fam\u0131n\u0131n kusursuz bir dans\u0131na d\u00f6n\u00fc\u015f\u00fcr. R\u00fcyalar\u0131n sihirli d\u00fcnyas\u0131ndan do\u011fan\u0131n derinliklerine uzanan bu yolculu\u011fa \u00e7\u0131kmaya haz\u0131r m\u0131s\u0131n\u0131z?<\/p>\n<ul class=\"nav\">\n<li><strong>Kitap Ad\u0131: <\/strong>Anadolu&#8217;dan Saraylara G\u00fczellik S\u0131rlar\u0131<\/li>\n<li><strong>Yazar: <\/strong>Zeynep \u00c7elebio\u011flu<\/li>\n<li><strong>Yay\u0131nevi: <\/strong>\u0130kinci Adam Yay\u0131nlar\u0131<\/li>\n<li><strong>Hamur Tipi: <\/strong>2. Hamur<\/li>\n<li><strong>Sayfa Say\u0131s\u0131: <\/strong>200<\/li>\n<li><strong>Ebat: <\/strong>16 x 24<\/li>\n<li><strong>\u0130lk Bask\u0131 Y\u0131l\u0131: <\/strong>2023<\/li>\n<li><strong>Bask\u0131 Say\u0131s\u0131: <\/strong>1. Bas\u0131m<\/li>\n<li><strong>Dil: <\/strong>T\u00fcrk\u00e7e<\/li>\n<\/ul>\n","protected":false},"excerpt":{"rendered":"<p>R\u00fcyalar\u0131n dokusuyla do\u011fan\u0131n zarafeti birbirine \u00f6r\u00fclerek, insan\u0131n ruhu ve do\u011fan\u0131n ihti\u015fam\u0131n\u0131n kusursuz bir dans\u0131na d\u00f6n\u00fc\u015f\u00fcr. R\u00fcyalar\u0131n sihirli d\u00fcnyas\u0131ndan do\u011fan\u0131n derinliklerine uzanan bu yolculu\u011fa \u00e7\u0131kmaya haz\u0131r m\u0131s\u0131n\u0131z?<\/p>\n","protected":false},"featured_media":46142,"comment_status":"open","ping_status":"closed","template":"","meta":{"inline_featured_image":false},"product_cat":[73],"product_tag":[],"class_list":{"0":"post-46141","1":"product","2":"type-product","3":"status-publish","4":"has-post-thumbnail","6":"product_cat-kitap","8":"first","9":"instock","10":"sale","11":"shipping-taxable","12":"purchasable","13":"product-type-simple"},"_links":{"self":[{"href":"https:\/\/zeynepcelebioglu.com\/magaza\/wp-json\/wp\/v2\/product\/46141","targetHints":{"allow":["GET"]}}],"collection":[{"href":"https:\/\/zeynepcelebioglu.com\/magaza\/wp-json\/wp\/v2\/product"}],"about":[{"href":"https:\/\/zeynepcelebioglu.com\/magaza\/wp-json\/wp\/v2\/types\/product"}],"replies":[{"embeddable":true,"href":"https:\/\/zeynepcelebioglu.com\/magaza\/wp-json\/wp\/v2\/comments?post=46141"}],"wp:featuredmedia":[{"embeddable":true,"href":"https:\/\/zeynepcelebioglu.com\/magaza\/wp-json\/wp\/v2\/media\/46142"}],"wp:attachment":[{"href":"https:\/\/zeynepcelebioglu.com\/magaza\/wp-json\/wp\/v2\/media?parent=46141"}],"wp:term":[{"taxonomy":"product_cat","embeddable":true,"href":"https:\/\/zeynepcelebioglu.com\/magaza\/wp-json\/wp\/v2\/product_cat?post=46141"},{"taxonomy":"product_tag","embeddable":true,"href":"https:\/\/zeynepcelebioglu.com\/magaza\/wp-json\/wp\/v2\/product_tag?post=46141"}],"curies":[{"name":"wp","href":"https:\/\/api.w.org\/{rel}","templated":true}]}}